{"id":2362,"date":"2024-12-20T13:02:05","date_gmt":"2024-12-20T17:02:05","guid":{"rendered":"https:\/\/www.observador.cl\/legales\/?page_id=2362"},"modified":"2024-12-26T17:03:24","modified_gmt":"2024-12-26T21:03:24","slug":"contacto","status":"publish","type":"page","link":"https:\/\/www.observador.cl\/legales\/contacto\/","title":{"rendered":"Contacto"},"content":{"rendered":"\n<p><\/p>\n\n\n\n<div class=\"wp-block-cover has-custom-content-position is-position-bottom-center\" style=\"min-height:518px\"><span aria-hidden=\"true\" class=\"wp-block-cover__background has-background-dim\"><\/span><img decoding=\"async\" loading=\"lazy\" width=\"1919\" height=\"941\" class=\"wp-block-cover__image-background wp-image-2304\" alt=\"\" src=\"https:\/\/www.observador.cl\/legales\/wp-content\/uploads\/2024\/12\/foto-camppana.jpg\" data-object-fit=\"cover\" srcset=\"https:\/\/www.observador.cl\/legales\/wp-content\/uploads\/2024\/12\/foto-camppana.jpg 1919w, https:\/\/www.observador.cl\/legales\/wp-content\/uploads\/2024\/12\/foto-camppana-300x147.jpg 300w, https:\/\/www.observador.cl\/legales\/wp-content\/uploads\/2024\/12\/foto-camppana-1024x502.jpg 1024w, https:\/\/www.observador.cl\/legales\/wp-content\/uploads\/2024\/12\/foto-camppana-768x377.jpg 768w, https:\/\/www.observador.cl\/legales\/wp-content\/uploads\/2024\/12\/foto-camppana-1536x753.jpg 1536w\" sizes=\"(max-width: 1919px) 100vw, 1919px\" \/><div class=\"wp-block-cover__inner-container is-layout-flow wp-block-cover-is-layout-flow\">\n<div class=\"wp-block-columns are-vertically-aligned-center is-layout-flex wp-container-11 wp-block-columns-is-layout-flex\">\n<div class=\"wp-block-column is-vertically-aligned-center is-layout-flow wp-block-column-is-layout-flow\" style=\"flex-basis:100%\">\n<div class=\"wp-block-columns is-layout-flex wp-container-9 wp-block-columns-is-layout-flex\">\n<div class=\"wp-block-column is-layout-flow wp-block-column-is-layout-flow\" style=\"flex-basis:100%\">\n<div class=\"wp-block-group is-layout-constrained wp-block-group-is-layout-constrained\"><div class=\"wp-block-group__inner-container\">\n<div class=\"wp-block-columns is-layout-flex wp-container-6 wp-block-columns-is-layout-flex\">\n<div class=\"wp-block-column is-vertically-aligned-center is-layout-flow wp-block-column-is-layout-flow\" style=\"flex-basis:100%\">\n<div class=\"wp-block-columns are-vertically-aligned-center is-layout-flex wp-container-4 wp-block-columns-is-layout-flex\">\n<div class=\"wp-block-column is-vertically-aligned-center is-layout-flow wp-block-column-is-layout-flow\" style=\"flex-basis:100%\">\n<div class=\"wp-block-columns are-vertically-aligned-center is-layout-flex wp-container-2 wp-block-columns-is-layout-flex\">\n<div class=\"wp-block-column is-vertically-aligned-center is-layout-flow wp-block-column-is-layout-flow\" style=\"flex-basis:100%\">\n<h2 class=\"wp-block-heading has-text-align-center has-large-font-size\">Publicar tus Avisos Legales <\/h2>\n\n\n\n<h2 class=\"wp-block-heading has-text-align-center has-large-font-size fw-light\">ahora  es m\u00e1s f\u00e1cil y econ\u00f3mico<\/h2>\n<\/div>\n<\/div>\n<\/div>\n<\/div>\n<\/div>\n<\/div>\n<\/div><\/div>\n<\/div>\n<\/div>\n<\/div>\n<\/div>\n<\/div><\/div>\n\n\n\n<div class=\"wp-block-columns is-layout-flex wp-container-14 wp-block-columns-is-layout-flex\">\n<div class=\"wp-block-column is-layout-flow wp-block-column-is-layout-flow\">\n<div style=\"height:26px\" aria-hidden=\"true\" class=\"wp-block-spacer\"><\/div>\n\n\n\n<div class=\"px-md-5 mx-md-5\"><p>La Empresa Period\u00edstica El Observador es la mejor alternativa para publicar Avisos Legales en la Quinta Regi\u00f3n. Junto a un proceso de publicaci\u00f3n simple y r\u00e1pido, ofrecemos los valores m\u00e1s bajos de la zona.<\/p>\n<p class=\"fw-bold\">T\u00fa eliges d\u00f3nde publicar:<\/p>\n<li>Edici\u00f3n impresa de El Observador;<\/li>\n<li>Diario electr\u00f3nico El Observador<\/li>\n<li>Sitio web observador.cl<\/li>\n<li>Radio Quillota (*)<\/li>\n<li>Radio La Calera (*)<\/li>\n<p class=\"fst-italic\">*Se emite sin costo el certificado correspondiente a la transmisi\u00f3n radial de los Derechos de Agua\n<\/p>\n\n<\/div>\n\n\n\n<div class=\"px-md-5 mx-md-5\">\n<div class=\"p-2 mb-1 bg-secondary text-light text-center\"><h4>Nuestros medios cumplen con todos los requisitos legales para ofrecer este tipo de publicaciones de forma v\u00e1lida.<\/h4><\/div>\n<\/div>\n\n\n\n<div style=\"height:56px\" aria-hidden=\"true\" class=\"wp-block-spacer\"><\/div>\n\n\n\n<h4 class=\"px-md-5 mx-md-5 fw-bold text-danger text-center\">\nTARIFAS\n<\/h4>\n<\/div>\n<\/div>\n\n\n\n<div class=\"wp-block-columns is-layout-flex wp-container-17 wp-block-columns-is-layout-flex\">\n<div class=\"wp-block-column is-vertically-aligned-top is-layout-flow wp-block-column-is-layout-flow\">\n<div class=\"ms-md-5 ps-md-5 fw-bold\">\n<div class=\"border border-danger p-3 mb-2 border-opacity-50\">\n<h5> Diario impreso, diario electr\u00f3nico, sitio web<\/h5>\n<p class=\"fs-6 fw-lighter fst-italic\"> Valor: $190 <span class=\"fw-light\">por palabra IVA incluido<\/span><\/p>\n<\/div><\/div>\n<\/div>\n\n\n\n<div class=\"wp-block-column is-layout-flow wp-block-column-is-layout-flow\">\n<div class=\"me-md-5 pe-md-5 fw-bold\">\n<div class=\"border border-danger p-3 mb-2 border-opacity-50\">\n<h5> Radioemisora<\/h5>\n<p class=\"fs-6 fw-lighter fst-italic\">\n            Valor: $119 por palabra IVA incluido\n            <\/p>\n<\/div><\/div>\n<\/div>\n<\/div>\n\n\n\n<div style=\"height:47px\" aria-hidden=\"true\" class=\"wp-block-spacer\"><\/div>\n\n\n\n<h4 class=\"px-md-5 mx-md-5 fw-bold text-danger text-center\">\nCONT\u00c1CTANOS\n<\/h4>\n\n\n\n<div>\n<iframe loading=\"lazy\" width=\"100%\" height=\"800\" src=\"https:\/\/01646d35.sibforms.com\/serve\/MUIFAHl16td2xwPWKPNN6aFs0Bsl0yArU03iksIGnyhYa9pv1AOIprD5mYO_sSqBFLDfar5mRXTJyka4rvKZXUTOlcSH_sjVu1_porQL5JMlgz1s_bmw7POlJxDiU9tpzulwTAAcksv5qumd1r9Xf4A31DU0nrboILsLcfmERYn3uk_S45m_u08Y1oXcFVSJhWH3Jrp9P7fSxWOb\" frameborder=\"0\" scrolling=\"auto\" allowfullscreen style=\"display: block;margin-left: auto;margin-right: auto;max-width: 100%;\"><\/iframe>\n<\/div>\n","protected":false},"excerpt":{"rendered":"<p>La Empresa Period\u00edstica El Observador es la mejor alternativa para [&hellip;]<\/p>\n","protected":false},"author":2,"featured_media":0,"parent":0,"menu_order":0,"comment_status":"closed","ping_status":"closed","template":"","meta":{"footnotes":""},"_links":{"self":[{"href":"https:\/\/www.observador.cl\/legales\/wp-json\/wp\/v2\/pages\/2362"}],"collection":[{"href":"https:\/\/www.observador.cl\/legales\/wp-json\/wp\/v2\/pages"}],"about":[{"href":"https:\/\/www.observador.cl\/legales\/wp-json\/wp\/v2\/types\/page"}],"author":[{"embeddable":true,"href":"https:\/\/www.observador.cl\/legales\/wp-json\/wp\/v2\/users\/2"}],"replies":[{"embeddable":true,"href":"https:\/\/www.observador.cl\/legales\/wp-json\/wp\/v2\/comments?post=2362"}],"version-history":[{"count":44,"href":"https:\/\/www.observador.cl\/legales\/wp-json\/wp\/v2\/pages\/2362\/revisions"}],"predecessor-version":[{"id":2431,"href":"https:\/\/www.observador.cl\/legales\/wp-json\/wp\/v2\/pages\/2362\/revisions\/2431"}],"wp:attachment":[{"href":"https:\/\/www.observador.cl\/legales\/wp-json\/wp\/v2\/media?parent=2362"}],"curies":[{"name":"wp","href":"https:\/\/api.w.org\/{rel}","templated":true}]}}